{"id":4006,"date":"2020-03-24T11:17:16","date_gmt":"2020-03-24T11:17:16","guid":{"rendered":"https:\/\/jaysoft.asia\/?page_id=4006"},"modified":"2021-03-11T06:31:24","modified_gmt":"2021-03-11T06:31:24","slug":"chung-toi","status":"publish","type":"page","link":"https:\/\/ibshi.vn\/vi\/chung-toi\/","title":{"rendered":"Ch\u00fang t\u00f4i"},"content":{"rendered":"<div data-elementor-type=\"wp-page\" data-elementor-id=\"4006\" class=\"elementor elementor-4006\" data-elementor-post-type=\"page\">\n\t\t\t\t\t\t\t\t\t<section class=\"elementor-section elementor-top-section elementor-element elementor-element-8f4471a elementor-section-full_width elementor-section-height-default elementor-section-height-default\" data-id=\"8f4471a\" data-element_type=\"section\" data-settings=\"{&quot;background_background&quot;:&quot;classic&quot;}\">\n\t\t\t\t\t\t<div class=\"elementor-container elementor-column-gap-default\">\n\t\t\t\t\t<div class=\"elementor-column elementor-col-100 elementor-top-column elementor-element elementor-element-9f218b1\" data-id=\"9f218b1\" data-element_type=\"column\" data-settings=\"{&quot;background_background&quot;:&quot;classic&quot;}\" data-e-bg-lazyload=\".elementor-element-populated\">\n\t\t\t<div class=\"elementor-widget-wrap elementor-element-populated\">\n\t\t\t\t\t\t\t\t<div class=\"elementor-element elementor-element-2fea477 elementor-widget elementor-widget-spacer\" data-id=\"2fea477\" data-element_type=\"widget\" data-widget_type=\"spacer.default\">\n\t\t\t\t<div class=\"elementor-widget-container\">\n\t\t\t<style>\/*! elementor - v3.18.0 - 08-12-2023 *\/\n.elementor-column .elementor-spacer-inner{height:var(--spacer-size)}.e-con{--container-widget-width:100%}.e-con-inner>.elementor-widget-spacer,.e-con>.elementor-widget-spacer{width:var(--container-widget-width,var(--spacer-size));--align-self:var(--container-widget-align-self,initial);--flex-shrink:0}.e-con-inner>.elementor-widget-spacer>.elementor-widget-container,.e-con>.elementor-widget-spacer>.elementor-widget-container{height:100%;width:100%}.e-con-inner>.elementor-widget-spacer>.elementor-widget-container>.elementor-spacer,.e-con>.elementor-widget-spacer>.elementor-widget-container>.elementor-spacer{height:100%}.e-con-inner>.elementor-widget-spacer>.elementor-widget-container>.elementor-spacer>.elementor-spacer-inner,.e-con>.elementor-widget-spacer>.elementor-widget-container>.elementor-spacer>.elementor-spacer-inner{height:var(--container-widget-height,var(--spacer-size))}.e-con-inner>.elementor-widget-spacer.elementor-widget-empty,.e-con>.elementor-widget-spacer.elementor-widget-empty{position:relative;min-height:22px;min-width:22px}.e-con-inner>.elementor-widget-spacer.elementor-widget-empty .elementor-widget-empty-icon,.e-con>.elementor-widget-spacer.elementor-widget-empty .elementor-widget-empty-icon{position:absolute;top:0;bottom:0;left:0;right:0;margin:auto;padding:0;width:22px;height:22px}<\/style>\t\t<div class=\"elementor-spacer\">\n\t\t\t<div class=\"elementor-spacer-inner\"><\/div>\n\t\t<\/div>\n\t\t\t\t<\/div>\n\t\t\t\t<\/div>\n\t\t\t\t\t<\/div>\n\t\t<\/div>\n\t\t\t\t\t\t\t<\/div>\n\t\t<\/section>\n\t\t\t\t<section class=\"elementor-section elementor-top-section elementor-element elementor-element-ae7422e elementor-section-boxed elementor-section-height-default elementor-section-height-default\" data-id=\"ae7422e\" data-element_type=\"section\">\n\t\t\t\t\t\t<div class=\"elementor-container elementor-column-gap-default\">\n\t\t\t\t\t<div class=\"elementor-column elementor-col-100 elementor-top-column elementor-element elementor-element-c8a5517\" data-id=\"c8a5517\" data-element_type=\"column\">\n\t\t\t<div class=\"elementor-widget-wrap elementor-element-populated\">\n\t\t\t\t\t\t\t\t<div class=\"elementor-element elementor-element-6cfe96f1 elementor-widget elementor-widget-text-editor\" data-id=\"6cfe96f1\" data-element_type=\"widget\" data-widget_type=\"text-editor.default\">\n\t\t\t\t<div class=\"elementor-widget-container\">\n\t\t\t<style>\/*! elementor - v3.18.0 - 08-12-2023 *\/\n.elementor-widget-text-editor.elementor-drop-cap-view-stacked .elementor-drop-cap{background-color:#69727d;color:#fff}.elementor-widget-text-editor.elementor-drop-cap-view-framed .elementor-drop-cap{color:#69727d;border:3px solid;background-color:transparent}.elementor-widget-text-editor:not(.elementor-drop-cap-view-default) .elementor-drop-cap{margin-top:8px}.elementor-widget-text-editor:not(.elementor-drop-cap-view-default) .elementor-drop-cap-letter{width:1em;height:1em}.elementor-widget-text-editor .elementor-drop-cap{float:left;text-align:center;line-height:1;font-size:50px}.elementor-widget-text-editor .elementor-drop-cap-letter{display:inline-block}<\/style>\t\t\t\tC\u00d4NG TY CP IBS S\u00c0I G\u00d2N\t\t\t\t\t\t<\/div>\n\t\t\t\t<\/div>\n\t\t\t\t<div class=\"elementor-element elementor-element-5e42cfa6 elementor-widget elementor-widget-heading\" data-id=\"5e42cfa6\" data-element_type=\"widget\" data-widget_type=\"heading.default\">\n\t\t\t\t<div class=\"elementor-widget-container\">\n\t\t\t<style>\/*! elementor - v3.18.0 - 08-12-2023 *\/\n.elementor-heading-title{padding:0;margin:0;line-height:1}.elementor-widget-heading .elementor-heading-title[class*=elementor-size-]>a{color:inherit;font-size:inherit;line-height:inherit}.elementor-widget-heading .elementor-heading-title.elementor-size-small{font-size:15px}.elementor-widget-heading .elementor-heading-title.elementor-size-medium{font-size:19px}.elementor-widget-heading .elementor-heading-title.elementor-size-large{font-size:29px}.elementor-widget-heading .elementor-heading-title.elementor-size-xl{font-size:39px}.elementor-widget-heading .elementor-heading-title.elementor-size-xxl{font-size:59px}<\/style><h3 class=\"elementor-heading-title elementor-size-default\">V\u1ec0 CH\u00daNG<\/h3>\t\t<\/div>\n\t\t\t\t<\/div>\n\t\t\t\t<div class=\"elementor-element elementor-element-4357cbbc elementor-widget elementor-widget-text-editor\" data-id=\"4357cbbc\" data-element_type=\"widget\" data-widget_type=\"text-editor.default\">\n\t\t\t\t<div class=\"elementor-widget-container\">\n\t\t\t\t\t\t\t<p>IBS S\u00e0i G\u00f2n t\u1ef1 h\u00e0o l\u00e0 th\u00e0nh vi\u00ean tr\u1ef1c thu\u1ed9c IBS Group. C\u00f4ng ty C\u1ed5 ph\u1ea7n x\u00e2y d\u1ef1ng C\u00f4ng ty D\u1ecbch v\u1ee5 Vi\u1ec7t Nam (IBS) ti\u1ec1n th\u00e2n l\u00e0 C\u00f4ng ty C\u1ed5 ph\u1ea7n gi\u1ea3i ph\u00e1p T\u00f2a nh\u00e0 Th\u00f4ng minh, \u0111\u01b0\u1ee3c th\u00e0nh l\u1eadp n\u0103m 2006. Ch\u00fang t\u00f4i chuy\u00ean thi\u1ebft k\u1ebf, cung c\u1ea5p, x\u00e2y d\u1ef1ng, l\u1eafp \u0111\u1eb7t cho c\u00e1c d\u1ef1 \u00e1n d\u00e2n d\u1ee5ng v\u00e0 c\u00f4ng nghi\u1ec7p; s\u1ea3n xu\u1ea5t v\u00e0 l\u1eafp \u0111\u1eb7t c\u00e1c thi\u1ebft b\u1ecb c\u01a1 kh\u00ed, b\u1ec3 ch\u1ee9a, \u0111\u01b0\u1eddng \u1ed1ng cao \u00e1p cho c\u00e1c nh\u00e0 m\u00e1y c\u00f4ng nghi\u1ec7p; cung c\u1ea5p c\u00e1c gi\u1ea3i ph\u00e1p t\u1ef1 \u0111\u1ed9ng h\u00f3a, gi\u1ea3i ph\u00e1p n\u0103ng l\u01b0\u1ee3ng m\u1edbi, n\u0103ng l\u01b0\u1ee3ng t\u00e1i t\u1ea1o, gi\u1ea3i ph\u00e1p ti\u1ebft ki\u1ec7m n\u0103ng l\u01b0\u1ee3ng; qu\u1ea3n l\u00fd v\u00e0 v\u1eadn h\u00e0nh d\u1ecbch v\u1ee5; x\u00e2y d\u1ef1ng m\u1edbi v\u00e0 s\u1eeda ch\u1eefa t\u00e0u l\u00ean t\u1edbi 10.000 dwt v\u00e0 d\u1ecbch v\u1ee5; cung c\u1ea5p thi\u1ebft b\u1ecb \u0111i\u1ec1u khi\u1ec3n, thi\u1ebft b\u1ecb chi\u1ebfu s\u00e1ng, h\u1ec7 th\u1ed1ng b\u1ea3o v\u1ec7, camera gi\u00e1m s\u00e1t, thi\u1ebft b\u1ecb ph\u00f2ng ch\u00e1y ch\u1eefa ch\u00e1y, vv (IBS l\u00e0 \u0111\u1ed1i t\u00e1c ph\u00e2n ph\u1ed1i cho c\u00e1c s\u1ea3n ph\u1ea9m c\u1ee7a c\u00e1c th\u01b0\u01a1ng hi\u1ec7u h\u00e0ng \u0111\u1ea7u th\u1ebf gi\u1edbi nh\u01b0 Honeywell, ABB, Tyco, Lefa).<\/p><p>IBS s\u1edf h\u1eefu h\u1ec7 th\u1ed1ng 2 v\u0103n ph\u00f2ng n\u1ed9i \u0111\u1ecba (H\u00e0 N\u1ed9i, H\u1ed3 Ch\u00ed Minh) v\u00e0 ho\u1ea1t \u0111\u1ed9ng t\u1ea1i c\u00e1c th\u1ecb tr\u01b0\u1eddng qu\u1ed1c t\u1ebf bao g\u1ed3m Singapore v\u00e0 Campuchia.<\/p><p>IBS l\u00e0 t\u1ed5ng th\u1ea7u EPC Vi\u1ec7t Nam \u0111\u1ea7u ti\u00ean c\u00f3 kh\u1ea3 n\u0103ng ph\u00e1t tri\u1ec3n to\u00e0n b\u1ed9 ph\u1ea1m vi EPC t\u1eeb thi\u1ebft k\u1ebf k\u1ef9 thu\u1eadt, mua s\u1eafm, l\u1eafp \u0111\u1eb7t v\u00e0 v\u1eadn h\u00e0nh nh\u00e0 m\u00e1y \u0111i\u1ec7n gi\u00f3 quy m\u00f4 l\u1edbn nh\u1ea5t \u0110\u00f4ng Nam \u00c1 t\u1ea1i th\u1eddi \u0111i\u1ec3m m\u1ecf khuy\u00ean. \u0110i\u1ec1u \u0111\u00f3 \u0111\u00e1nh d\u1ea5u s\u1ef1 k\u1ef3 v\u1ecdng cho s\u1ef1 ph\u00e1t tri\u1ec3n v\u00e0 cam k\u1ebft c\u1ee7a IBS v\u1edbi h\u00e0ng lo\u1ea1t d\u1ef1 \u00e1n trong l\u0129nh v\u1ef1c n\u0103ng l\u01b0\u1ee3ng t\u00e1i t\u1ea1o d\u1ef1 \u00e1n ki\u1ebfn tr\u00fac s\u1ebd \u0111\u01b0\u1ee3c th\u1ef1c hi\u1ec7n trong t\u01b0\u01a1ng lai g\u1ea7n.<\/p><p><strong>\u0110\u1ecba ch\u1ec9 v\u0103n ph\u00f2ng:<\/strong><br \/>134\/3 \u0110\u00e0o Duy Anh, Ph\u01b0\u1eddng 9, Qu\u1eadn Ph\u00fa Nhu\u1eadn, Tp. H\u1ed3 Ch\u00ed Minh<\/p>\t\t\t\t\t\t<\/div>\n\t\t\t\t<\/div>\n\t\t\t\t\t<\/div>\n\t\t<\/div>\n\t\t\t\t\t\t\t<\/div>\n\t\t<\/section>\n\t\t\t\t<section class=\"elementor-section elementor-top-section elementor-element elementor-element-4f9cd980 elementor-section-content-middle elementor-section-boxed elementor-section-height-default elementor-section-height-default elementor-invisible\" data-id=\"4f9cd980\" data-element_type=\"section\" data-settings=\"{&quot;animation&quot;:&quot;fadeInUp&quot;}\">\n\t\t\t\t\t\t<div class=\"elementor-container elementor-column-gap-no\">\n\t\t\t\t\t<div class=\"elementor-column elementor-col-100 elementor-top-column elementor-element elementor-element-2fcb7044\" data-id=\"2fcb7044\" data-element_type=\"column\">\n\t\t\t<div class=\"elementor-widget-wrap elementor-element-populated\">\n\t\t\t\t\t\t\t\t<section class=\"elementor-section elementor-inner-section elementor-element elementor-element-52def583 elementor-section-content-top elementor-section-boxed elementor-section-height-default elementor-section-height-default\" data-id=\"52def583\" data-element_type=\"section\">\n\t\t\t\t\t\t<div class=\"elementor-container elementor-column-gap-no\">\n\t\t\t\t\t<div class=\"elementor-column elementor-col-50 elementor-inner-column elementor-element elementor-element-726eae23\" data-id=\"726eae23\" data-element_type=\"column\">\n\t\t\t<div class=\"elementor-widget-wrap elementor-element-populated\">\n\t\t\t\t\t\t\t\t<div class=\"elementor-element elementor-element-6f158fa6 elementor-widget elementor-widget-heading\" data-id=\"6f158fa6\" data-element_type=\"widget\" data-widget_type=\"heading.default\">\n\t\t\t\t<div class=\"elementor-widget-container\">\n\t\t\t<h4 class=\"elementor-heading-title elementor-size-default\">T\u1ea6M NH\u00ccN<\/h4>\t\t<\/div>\n\t\t\t\t<\/div>\n\t\t\t\t<div class=\"elementor-element elementor-element-7aac8622 elementor-widget elementor-widget-text-editor\" data-id=\"7aac8622\" data-element_type=\"widget\" data-widget_type=\"text-editor.default\">\n\t\t\t\t<div class=\"elementor-widget-container\">\n\t\t\t\t\t\t\t<p>IBS mong mu\u1ed1n t\u1ea1o ra nh\u1eefng v\u1eefng ch\u1eafc gi\u00e1 tr\u1ecb cho x\u00e3 h\u1ed9i, v\u00e0 h\u01a1n th\u1ebf n\u1eefa l\u00e0 x\u00e2y d\u1ef1ng n\u1ec1n t\u1ea3ng cho m\u1ed9t n\u1ec1n kinh t\u1ebf xanh, th\u00f4ng tin qua \u1ee9ng d\u1ee5ng c\u00f4ng ngh\u1ec7 ti\u00ean ti\u1ebfn v\u00e0o k\u1ef9 n\u0103ng t\u00e1i sinh c\u1ee7a c\u00e1c c\u00f4ng tr\u00ecnh, h\u1ec7 th\u1ed1ng v\u00e0 thi\u1ebft b\u1ecb; t\u1eeb \u0111\u00f3 IBS v\u01b0\u01a1n l\u00ean tr\u1edf th\u00e0nh m\u1ed9t t\u1eadp \u0111o\u00e0n \u0111\u1ea1i c\u00f4ng nghi\u1ec7p ki\u1ec3u m\u1edbi trong k\u1ef7 nguy\u00ean s\u1ed1<br \/><br \/><\/p>\t\t\t\t\t\t<\/div>\n\t\t\t\t<\/div>\n\t\t\t\t\t<\/div>\n\t\t<\/div>\n\t\t\t\t<div class=\"elementor-column elementor-col-50 elementor-inner-column elementor-element elementor-element-7f03d38b\" data-id=\"7f03d38b\" data-element_type=\"column\">\n\t\t\t<div class=\"elementor-widget-wrap elementor-element-populated\">\n\t\t\t\t\t\t\t\t<div class=\"elementor-element elementor-element-53a4b3b7 elementor-widget elementor-widget-heading\" data-id=\"53a4b3b7\" data-element_type=\"widget\" data-widget_type=\"heading.default\">\n\t\t\t\t<div class=\"elementor-widget-container\">\n\t\t\t<h4 class=\"elementor-heading-title elementor-size-default\">GI\u00c1 TR\u1eca<\/h4>\t\t<\/div>\n\t\t\t\t<\/div>\n\t\t\t\t<div class=\"elementor-element elementor-element-1504bcf6 elementor-widget elementor-widget-text-editor\" data-id=\"1504bcf6\" data-element_type=\"widget\" data-widget_type=\"text-editor.default\">\n\t\t\t\t<div class=\"elementor-widget-container\">\n\t\t\t\t\t\t\t<ol><li>Tri th\u1ee9c khoa h\u1ecdc<\/li><li>b\u1ed1n ti\u1ebfn kh\u00f4ng<\/li><li>Ph\u00e1t tri\u1ec3n b\u1ec1n b\u1ec9<\/li><li>Minh b\u1ea1ch<\/li><\/ol><p>\u00a0<\/p>\t\t\t\t\t\t<\/div>\n\t\t\t\t<\/div>\n\t\t\t\t\t<\/div>\n\t\t<\/div>\n\t\t\t\t\t\t\t<\/div>\n\t\t<\/section>\n\t\t\t\t<section class=\"elementor-section elementor-inner-section elementor-element elementor-element-4a58b7e5 elementor-section-content-top elementor-section-boxed elementor-section-height-default elementor-section-height-default\" data-id=\"4a58b7e5\" data-element_type=\"section\">\n\t\t\t\t\t\t<div class=\"elementor-container elementor-column-gap-no\">\n\t\t\t\t\t<div class=\"elementor-column elementor-col-50 elementor-inner-column elementor-element elementor-element-9c1fa03\" data-id=\"9c1fa03\" data-element_type=\"column\">\n\t\t\t<div class=\"elementor-widget-wrap elementor-element-populated\">\n\t\t\t\t\t\t\t\t<div class=\"elementor-element elementor-element-3bbc8192 elementor-widget elementor-widget-heading\" data-id=\"3bbc8192\" data-element_type=\"widget\" data-widget_type=\"heading.default\">\n\t\t\t\t<div class=\"elementor-widget-container\">\n\t\t\t<h4 class=\"elementor-heading-title elementor-size-default\">S\u1ee8 M\u1ec6NH\n<\/h4>\t\t<\/div>\n\t\t\t\t<\/div>\n\t\t\t\t<div class=\"elementor-element elementor-element-486013ab elementor-widget elementor-widget-text-editor\" data-id=\"486013ab\" data-element_type=\"widget\" data-widget_type=\"text-editor.default\">\n\t\t\t\t<div class=\"elementor-widget-container\">\n\t\t\t\t\t\t\t<ul><li>Kh\u00f4ng ng\u1eebng c\u1eadp nh\u1eadt, c\u1ea3i ti\u1ebfn c\u00e1c c\u00f4ng ngh\u1ec7 trong l\u0129nh v\u1ef1c qu\u1ea3n l\u00fd, x\u00e2y d\u1ef1ng, \u0111i\u1ec1u khi\u1ec3n t\u1ef1 \u0111\u1ed9ng v\u00e0 n\u0103ng l\u01b0\u1ee3ng, th\u00fac \u0111\u1ea9y t\u1ed1i \u01b0u h\u00f3a m\u1ecdi ho\u1ea1t \u0111\u1ed9ng c\u1ee7a doanh nghi\u1ec7p.<\/li><li>N\u00e2ng cao n\u0103ng l\u1ef1c chuy\u00ean m\u00f4n c\u1ee7a t\u1ed5ng th\u1ea7u EPC trong c\u00e1c d\u1ef1 \u00e1n d\u00e2n d\u1ee5ng v\u00e0 c\u00f4ng nghi\u1ec7p \u1edf m\u1ecdi quy m\u00f4, t\u1ea7m c\u1ee1.<\/li><li>Ph\u00e1t tri\u1ec3n m\u00f4 h\u00ecnh t\u1ed5 ch\u1ee9c t\u1ef1 h\u1ecdc trong n\u1ed9i b\u1ed9 doanh nghi\u1ec7p, xem \u0111\u00e2y l\u00e0 l\u1ee3i th\u1ebf c\u1ea1nh tranh t\u1ed1t nh\u1ea5t c\u1ee7a doanh nghi\u1ec7p trong th\u1eddi \u0111\u1ea1i m\u1edbi.<\/li><li>Xu\u1ea5t kh\u1ea9u c\u00e1c s\u1ea3n ph\u1ea9m \u2013 d\u1ecbch v\u1ee5 k\u1ef9 thu\u1eadt ch\u1ea5t l\u01b0\u1ee3ng cao, d\u1ef1a tr\u00ean c\u01a1 s\u1edf t\u1eadn d\u1ee5ng l\u1ee3i th\u1ebf c\u1ee7a \u0111\u1ed9i ng\u0169 k\u1ef9 s\u01b0 Vi\u1ec7t.<br \/><br \/><\/li><\/ul>\t\t\t\t\t\t<\/div>\n\t\t\t\t<\/div>\n\t\t\t\t\t<\/div>\n\t\t<\/div>\n\t\t\t\t<div class=\"elementor-column elementor-col-50 elementor-inner-column elementor-element elementor-element-e2c2e1b\" data-id=\"e2c2e1b\" data-element_type=\"column\">\n\t\t\t<div class=\"elementor-widget-wrap elementor-element-populated\">\n\t\t\t\t\t\t\t\t<div class=\"elementor-element elementor-element-39a9f519 elementor-widget elementor-widget-heading\" data-id=\"39a9f519\" data-element_type=\"widget\" data-widget_type=\"heading.default\">\n\t\t\t\t<div class=\"elementor-widget-container\">\n\t\t\t<h4 class=\"elementor-heading-title elementor-size-default\">\u0110AM M\u00ca\n<\/h4>\t\t<\/div>\n\t\t\t\t<\/div>\n\t\t\t\t<div class=\"elementor-element elementor-element-4e24d737 elementor-widget elementor-widget-text-editor\" data-id=\"4e24d737\" data-element_type=\"widget\" data-widget_type=\"text-editor.default\">\n\t\t\t\t<div class=\"elementor-widget-container\">\n\t\t\t\t\t\t\t<ul><li>T\u1ea1i IBS, ch\u00fang t\u00f4i tin v\u00e0o s\u1ee9c m\u1ea1nh c\u1ee7a c\u00f4ng ngh\u1ec7 v\u00e0 kh\u1ea3 n\u0103ng h\u1ed7 tr\u1ee3 con ng\u01b0\u1eddi trong t\u1ea5t c\u1ea3 c\u00e1c kh\u00eda c\u1ea1nh c\u1ee7a cu\u1ed9c s\u1ed1ng. C\u00f4ng ngh\u1ec7 m\u00e0 ch\u00fang t\u00f4i l\u00e0m ch\u1ee7 \u2013 t\u1ea1o ra ch\u1ec9 h\u01b0\u1edbng t\u1edbi m\u1ed9t m\u1ee5c ti\u00eau duy nh\u1ea5t: Gi\u1ea3i ph\u00f3ng s\u1ee9c lao \u0111\u1ed9ng c\u1ee7a con ng\u01b0\u1eddi d\u1ef1a tr\u00ean c\u01a1 s\u1edf \u0111\u1ec3 t\u1ea1o ra hi\u1ec7u su\u1ea5t cao h\u01a1n trong s\u1ea3n xu\u1ea5t.<\/li><li>Tr\u01b0\u1edbc nh\u1eefng c\u00f4ng th\u1ee9c v\u00e0 c\u01a1 s\u1edf c\u1ee7a k\u1ef7 nguy\u00ean s\u1ed1, IBS mong mu\u1ed1n c\u00f3 th\u1ec3 c\u1ed1ng hi\u1ebfn s\u1ee9c l\u1ef1c c\u1ee7a m\u00ecnh \u1edf t\u1ea7m vi m\u00f4 doanh nghi\u1ec7p \u1edf t\u1ea7m v\u0129 m\u00f4 qu\u1ed1c gia, th\u00fac \u0111\u1ea9y t\u1ea1o ra k\u1ebft qu\u1ea3 hi\u1ec7u qu\u1ea3 trong s\u1ea3n xu\u1ea5t kinh doanh v\u00e0 s\u1ef1 v\u1eefng ch\u1eafc trong qu\u00e1 tr\u00ecnh ph\u00e1t tri\u1ec3n n\u1ec1n kinh t\u1ebf; t\u1eeb \u0111\u00f3 n\u00e2ng cao v\u1ecb tr\u00ed c\u1ea1nh tranh c\u1ee7a doanh nghi\u1ec7p n\u00f3i ri\u00eang v\u00e0 n\u1ec1n kinh t\u1ebf n\u00f3i chung tr\u00ean tr\u01b0\u1eddng qu\u1ed1c t\u1ebf.<\/li><\/ul>\t\t\t\t\t\t<\/div>\n\t\t\t\t<\/div>\n\t\t\t\t\t<\/div>\n\t\t<\/div>\n\t\t\t\t\t\t\t<\/div>\n\t\t<\/section>\n\t\t\t\t\t<\/div>\n\t\t<\/div>\n\t\t\t\t\t\t\t<\/div>\n\t\t<\/section>\n\t\t\t\t<section class=\"elementor-section elementor-top-section elementor-element elementor-element-42d7e21 elementor-section-boxed elementor-section-height-default elementor-section-height-default\" data-id=\"42d7e21\" data-element_type=\"section\">\n\t\t\t\t\t\t<div class=\"elementor-container elementor-column-gap-default\">\n\t\t\t\t\t<div class=\"elementor-column elementor-col-100 elementor-top-column elementor-element elementor-element-548221e\" data-id=\"548221e\" data-element_type=\"column\">\n\t\t\t<div class=\"elementor-widget-wrap elementor-element-populated\">\n\t\t\t\t\t\t\t\t<div class=\"elementor-element elementor-element-08149d7 elementor-widget elementor-widget-spacer\" data-id=\"08149d7\" data-element_type=\"widget\" data-widget_type=\"spacer.default\">\n\t\t\t\t<div class=\"elementor-widget-container\">\n\t\t\t\t\t<div class=\"elementor-spacer\">\n\t\t\t<div class=\"elementor-spacer-inner\"><\/div>\n\t\t<\/div>\n\t\t\t\t<\/div>\n\t\t\t\t<\/div>\n\t\t\t\t\t<\/div>\n\t\t<\/div>\n\t\t\t\t\t\t\t<\/div>\n\t\t<\/section>\n\t\t\t\t\t\t\t<\/div>","protected":false},"excerpt":{"rendered":"<p>C\u00d4NG TY CP IBS S\u00c0I G\u00d2N V\u1ec0 CH\u00daNG T\u00d4I IBS S\u00e0i G\u00f2n t\u1ef1 h\u00e0o l\u00e0 th\u00e0nh vi\u00ean tr\u1ef1c thu\u1ed9c IBS Group. C\u00f4ng ty C\u1ed5 ph\u1ea7n X\u00e2y d\u1ef1ng C\u00f4ng nghi\u1ec7p D\u1ecbch v\u1ee5 Vi\u1ec7t Nam (IBS) ti\u1ec1n th\u00e2n l\u00e0 C\u00f4ng ty C\u1ed5 ph\u1ea7n Gi\u1ea3i ph\u00e1p T\u00f2a nh\u00e0 Th\u00f4ng minh, \u0111\u01b0\u1ee3c th\u00e0nh l\u1eadp n\u0103m 2006. Ch\u00fang t\u00f4i chuy\u00ean [&hellip;]<\/p>","protected":false},"author":1,"featured_media":0,"parent":0,"menu_order":0,"comment_status":"closed","ping_status":"closed","template":"elementor_header_footer","meta":{"footnotes":""},"_links":{"self":[{"href":"https:\/\/ibshi.vn\/vi\/wp-json\/wp\/v2\/pages\/4006"}],"collection":[{"href":"https:\/\/ibshi.vn\/vi\/wp-json\/wp\/v2\/pages"}],"about":[{"href":"https:\/\/ibshi.vn\/vi\/wp-json\/wp\/v2\/types\/page"}],"author":[{"embeddable":true,"href":"https:\/\/ibshi.vn\/vi\/wp-json\/wp\/v2\/users\/1"}],"replies":[{"embeddable":true,"href":"https:\/\/ibshi.vn\/vi\/wp-json\/wp\/v2\/comments?post=4006"}],"version-history":[{"count":42,"href":"https:\/\/ibshi.vn\/vi\/wp-json\/wp\/v2\/pages\/4006\/revisions"}],"predecessor-version":[{"id":5553,"href":"https:\/\/ibshi.vn\/vi\/wp-json\/wp\/v2\/pages\/4006\/revisions\/5553"}],"wp:attachment":[{"href":"https:\/\/ibshi.vn\/vi\/wp-json\/wp\/v2\/media?parent=4006"}],"curies":[{"name":"wp","href":"https:\/\/api.w.org\/{rel}","templated":true}]}}